{"id":114,"date":"2023-04-02T23:37:26","date_gmt":"2023-04-02T21:37:26","guid":{"rendered":"https:\/\/patialau.com\/store\/?post_type=product&#038;p=114"},"modified":"2023-04-03T19:42:05","modified_gmt":"2023-04-03T17:42:05","slug":"yuugen","status":"publish","type":"product","link":"https:\/\/patialau.com\/store\/product\/yuugen","title":{"rendered":"Yuugen \/ \u5e7d\u7384"},"content":{"rendered":"<p>2-colour A3 riso prints.<br \/>\n30 Editions. Signed.<\/p>\n<p>Size: 29.7 x 42 cm<br \/>\nPaper: Jupp cr\u00e4\u00e4m, wei\u00df, 240g\/m\u00b2<\/p>\n","protected":false},"excerpt":{"rendered":"<p>Riso print in Blue and Fluorescent Pink<\/p>\n<p>A3<\/p>\n","protected":false},"featured_media":87,"template":"","meta":[],"product_cat":[27],"product_tag":[],"_links":{"self":[{"href":"https:\/\/patialau.com\/store\/wp-json\/wp\/v2\/product\/114"}],"collection":[{"href":"https:\/\/patialau.com\/store\/wp-json\/wp\/v2\/product"}],"about":[{"href":"https:\/\/patialau.com\/store\/wp-json\/wp\/v2\/types\/product"}],"wp:featuredmedia":[{"embeddable":true,"href":"https:\/\/patialau.com\/store\/wp-json\/wp\/v2\/media\/87"}],"wp:attachment":[{"href":"https:\/\/patialau.com\/store\/wp-json\/wp\/v2\/media?parent=114"}],"wp:term":[{"taxonomy":"product_cat","embeddable":true,"href":"https:\/\/patialau.com\/store\/wp-json\/wp\/v2\/product_cat?post=114"},{"taxonomy":"product_tag","embeddable":true,"href":"https:\/\/patialau.com\/store\/wp-json\/wp\/v2\/product_tag?post=114"}],"curies":[{"name":"wp","href":"https:\/\/api.w.org\/{rel}","templated":true}]}}