{"id":39,"date":"2023-03-26T06:00:43","date_gmt":"2023-03-25T22:00:43","guid":{"rendered":"https:\/\/patialau.com\/?page_id=39"},"modified":"2026-01-31T12:48:36","modified_gmt":"2026-01-31T11:48:36","slug":"contact","status":"publish","type":"page","link":"https:\/\/patialau.com\/de\/contact\/","title":{"rendered":"Kontakt"},"content":{"rendered":"<div class=\"wp-block-columns are-vertically-aligned-top is-layout-flex wp-container-core-columns-is-layout-1 wp-block-columns-is-layout-flex\">\n<div class=\"wp-block-column is-vertically-aligned-top is-layout-flow wp-block-column-is-layout-flow\" style=\"flex-basis:33.33%\">\n<ul class=\"wp-block-social-links has-normal-icon-size has-visible-labels has-icon-color is-style-logos-only is-horizontal is-content-justification-left is-layout-flex wp-container-core-social-links-is-layout-1 wp-block-social-links-is-layout-flex\"><\/ul>\n<\/div>\n<\/div>\n\n\n\n<p>For any questions or interests , you are welcome to send me a message in Deutsch or English.<\/p>\n\n\n\n<div class=\"wp-block-columns is-layout-flex wp-container-core-columns-is-layout-2 wp-block-columns-is-layout-flex\">\n<div class=\"wp-block-column is-layout-flow wp-block-column-is-layout-flow\" style=\"flex-basis:33.33%\"><\/div>\n<\/div>\n\n\n\n<hr class=\"wp-block-separator has-alpha-channel-opacity\"\/>\n\n\n\n<p><strong>Impressum<\/strong><\/p>\n\n\n\n<p>Pat\u00eda Zingji Lau<br>Ateliergemeinschaft, Worringerstra\u00dfe 64, 40211, D\u00fcsseldorf, Germany<br>Email: atelier.patialau[at]tuta.com<\/p>","protected":false},"excerpt":{"rendered":"<p>For any questions or interests , you are welcome to send me a message in Deutsch or English. Impressum Pat\u00eda Zingji LauAteliergemeinschaft, Worringerstra\u00dfe 64, 40211, D\u00fcsseldorf, GermanyEmail: atelier.patialau[at]tuta.com<\/p>","protected":false},"author":2,"featured_media":0,"parent":0,"menu_order":0,"comment_status":"closed","ping_status":"closed","template":"","meta":{"om_disable_all_campaigns":false,"footnotes":""},"categories":[19],"tags":[],"class_list":["post-39","page","type-page","status-publish","hentry","category-menu"],"_links":{"self":[{"href":"https:\/\/patialau.com\/de\/wp-json\/wp\/v2\/pages\/39","targetHints":{"allow":["GET"]}}],"collection":[{"href":"https:\/\/patialau.com\/de\/wp-json\/wp\/v2\/pages"}],"about":[{"href":"https:\/\/patialau.com\/de\/wp-json\/wp\/v2\/types\/page"}],"author":[{"embeddable":true,"href":"https:\/\/patialau.com\/de\/wp-json\/wp\/v2\/users\/2"}],"replies":[{"embeddable":true,"href":"https:\/\/patialau.com\/de\/wp-json\/wp\/v2\/comments?post=39"}],"version-history":[{"count":41,"href":"https:\/\/patialau.com\/de\/wp-json\/wp\/v2\/pages\/39\/revisions"}],"predecessor-version":[{"id":1693,"href":"https:\/\/patialau.com\/de\/wp-json\/wp\/v2\/pages\/39\/revisions\/1693"}],"wp:attachment":[{"href":"https:\/\/patialau.com\/de\/wp-json\/wp\/v2\/media?parent=39"}],"wp:term":[{"taxonomy":"category","embeddable":true,"href":"https:\/\/patialau.com\/de\/wp-json\/wp\/v2\/categories?post=39"},{"taxonomy":"post_tag","embeddable":true,"href":"https:\/\/patialau.com\/de\/wp-json\/wp\/v2\/tags?post=39"}],"curies":[{"name":"wp","href":"https:\/\/api.w.org\/{rel}","templated":true}]}}