{"id":36,"date":"2023-03-26T06:00:15","date_gmt":"2023-03-26T04:00:15","guid":{"rendered":"https:\/\/patialau.com\/?page_id=36"},"modified":"2026-02-10T18:52:39","modified_gmt":"2026-02-10T17:52:39","slug":"home-2","status":"publish","type":"page","link":"https:\/\/patialau.com\/de\/","title":{"rendered":"Hauptseite"},"content":{"rendered":"<figure class=\"wp-block-gallery has-nested-images columns-default is-cropped wp-block-gallery-1 is-layout-flex wp-block-gallery-is-layout-flex\">\n<figure class=\"wp-block-image size-large is-style-default\"><img decoding=\"async\" src=\"https:\/\/patialau.com\/wp-content\/uploads\/2025\/11\/Dianium-GreenBurgundy-1000.jpg\" alt=\"\"\/><\/figure>\n<\/figure>\n\n\n\n<p>Pat\u00eda ist Malerin. Lebt und arbeitet in D\u00fcsseldorf.<\/p>\n\n\n\n<p>She hails from Gvangjsih Autonomous Region of South China, a tropical area rich in ethnic diversity. From 2015 to 2022, she studied at the Kunstakademie D\u00fcsseldorf (D\u00fcsseldorf Art Academy), Germany. In 2017 she was nominated by Professor Herbert Brandl as Meistersch\u00fclerin (Master Student). 2022 she graduated from the academy, of the class of Professor Sabrina Fritsch.<\/p>\n\n\n\n<p><strong>CV:<\/strong><\/p>\n\n\n\n<p>2019 \u2013 2022 \/ Kunstakademie D\u00fcsseldorf, Germany. Fine Art. Prof. Sabrina Fritsch. Akademiebrief.<\/p>\n\n\n\n<p>2015 \u2013 2019 \/ Kunstakademie D\u00fcsseldorf, Germany. Fine Art. Prof. Herbert Brandl. Master Student (Meistersch\u00fclerin ) of Prof. Herbert Brandl.<\/p>\n\n\n\n<p>1989 \/ Geboren in Gvangjsih Autonomen Gebiet, V.R China.<\/p>\n\n\n\n<p><strong>Collections<\/strong>:<\/p>\n\n\n\n<p>Grimm-Sammlung der Stadt Kassel, Germany<\/p>","protected":false},"excerpt":{"rendered":"<p>Pat\u00eda is a painter based in D\u00fcsseldorf, Germany. She hails from Gvangjsih Autonomous Region of South China, a tropical area rich in ethnic diversity. From 2015 to 2022, she studied at the Kunstakademie D\u00fcsseldorf (D\u00fcsseldorf Art Academy), Germany. In 2017 &hellip; <a href=\"https:\/\/patialau.com\/de\/\">Weiterlesen <span class=\"meta-nav\">&rarr;<\/span><\/a><\/p>","protected":false},"author":2,"featured_media":0,"parent":0,"menu_order":0,"comment_status":"closed","ping_status":"closed","template":"showcase.php","meta":{"om_disable_all_campaigns":false,"footnotes":""},"categories":[19],"tags":[],"class_list":["post-36","page","type-page","status-publish","hentry","category-menu"],"_links":{"self":[{"href":"https:\/\/patialau.com\/de\/wp-json\/wp\/v2\/pages\/36","targetHints":{"allow":["GET"]}}],"collection":[{"href":"https:\/\/patialau.com\/de\/wp-json\/wp\/v2\/pages"}],"about":[{"href":"https:\/\/patialau.com\/de\/wp-json\/wp\/v2\/types\/page"}],"author":[{"embeddable":true,"href":"https:\/\/patialau.com\/de\/wp-json\/wp\/v2\/users\/2"}],"replies":[{"embeddable":true,"href":"https:\/\/patialau.com\/de\/wp-json\/wp\/v2\/comments?post=36"}],"version-history":[{"count":47,"href":"https:\/\/patialau.com\/de\/wp-json\/wp\/v2\/pages\/36\/revisions"}],"predecessor-version":[{"id":1749,"href":"https:\/\/patialau.com\/de\/wp-json\/wp\/v2\/pages\/36\/revisions\/1749"}],"wp:attachment":[{"href":"https:\/\/patialau.com\/de\/wp-json\/wp\/v2\/media?parent=36"}],"wp:term":[{"taxonomy":"category","embeddable":true,"href":"https:\/\/patialau.com\/de\/wp-json\/wp\/v2\/categories?post=36"},{"taxonomy":"post_tag","embeddable":true,"href":"https:\/\/patialau.com\/de\/wp-json\/wp\/v2\/tags?post=36"}],"curies":[{"name":"wp","href":"https:\/\/api.w.org\/{rel}","templated":true}]}}